{"id":3351,"date":"2018-11-16T13:38:33","date_gmt":"2018-11-16T11:38:33","guid":{"rendered":"http:\/\/www.playajoyel.com\/fr\/el-camping\/playa-de-joyel\/"},"modified":"2021-01-28T14:09:09","modified_gmt":"2021-01-28T12:09:09","slug":"plage-de-joyel","status":"publish","type":"page","link":"https:\/\/www.playajoyel.com\/fr\/le-camping\/plage-de-joyel\/","title":{"rendered":"Plage de Joyel"},"content":{"rendered":"","protected":false},"excerpt":{"rendered":"","protected":false},"author":1,"featured_media":4057,"parent":3339,"menu_order":0,"comment_status":"closed","ping_status":"closed","template":"templates\/tmp-general.php","meta":{"_acf_changed":false},"class_list":["post-3351","page","type-page","status-publish","has-post-thumbnail","hentry"],"acf":[],"yoast_head":"<!-- This site is optimized with the Yoast SEO plugin v25.8 - https:\/\/yoast.com\/wordpress\/plugins\/seo\/ -->\n<title>Plage de Joyel - Camping Playa Joyel \u00e0 Noja - Cantabrie en bord de mer<\/title>\n<meta name=\"description\" content=\"Camping Playa Joyel, 4 \u00e9toiles \u00e0 Noja, Cantabrie. Gagnant du Best Beach Campsite 2017, avec acc\u00e8s direct \u00e0 la plage de Ris.\" \/>\n<meta name=\"robots\" content=\"index, follow, max-snippet:-1, max-image-preview:large, max-video-preview:-1\" \/>\n<link rel=\"canonical\" href=\"https:\/\/www.playajoyel.com\/fr\/le-camping\/plage-de-joyel\/\" \/>\n<meta property=\"og:locale\" content=\"fr_FR\" \/>\n<meta property=\"og:type\" content=\"article\" \/>\n<meta property=\"og:title\" content=\"Plage de Joyel - Camping Playa Joyel \u00e0 Noja - Cantabrie en bord de mer\" \/>\n<meta property=\"og:description\" content=\"Camping Playa Joyel, 4 \u00e9toiles \u00e0 Noja, Cantabrie. Gagnant du Best Beach Campsite 2017, avec acc\u00e8s direct \u00e0 la plage de Ris.\" \/>\n<meta property=\"og:url\" content=\"https:\/\/www.playajoyel.com\/fr\/le-camping\/plage-de-joyel\/\" \/>\n<meta property=\"og:site_name\" content=\"Camping Playa Joyel \u00e0 Noja - Cantabrie en bord de mer\" \/>\n<meta property=\"article:publisher\" content=\"https:\/\/www.facebook.com\/campingplayajoyel\" \/>\n<meta property=\"article:modified_time\" content=\"2021-01-28T12:09:09+00:00\" \/>\n<meta property=\"og:image\" content=\"https:\/\/www.playajoyel.com\/wp-content\/uploads\/2019\/11\/20190528_192624-1.jpg\" \/>\n\t<meta property=\"og:image:width\" content=\"4032\" \/>\n\t<meta property=\"og:image:height\" content=\"3024\" \/>\n\t<meta property=\"og:image:type\" content=\"image\/jpeg\" \/>\n<meta name=\"twitter:card\" content=\"summary_large_image\" \/>\n<script type=\"application\/ld+json\" class=\"yoast-schema-graph\">{\"@context\":\"https:\/\/schema.org\",\"@graph\":[{\"@type\":\"WebPage\",\"@id\":\"https:\/\/www.playajoyel.com\/fr\/le-camping\/plage-de-joyel\/\",\"url\":\"https:\/\/www.playajoyel.com\/fr\/le-camping\/plage-de-joyel\/\",\"name\":\"Plage de Joyel - Camping Playa Joyel \u00e0 Noja - Cantabrie en bord de mer\",\"isPartOf\":{\"@id\":\"https:\/\/www.playajoyel.com\/#website\"},\"primaryImageOfPage\":{\"@id\":\"https:\/\/www.playajoyel.com\/fr\/le-camping\/plage-de-joyel\/#primaryimage\"},\"image\":{\"@id\":\"https:\/\/www.playajoyel.com\/fr\/le-camping\/plage-de-joyel\/#primaryimage\"},\"thumbnailUrl\":\"https:\/\/www.playajoyel.com\/wp-content\/uploads\/2019\/11\/20190528_192624-1.jpg\",\"datePublished\":\"2018-11-16T11:38:33+00:00\",\"dateModified\":\"2021-01-28T12:09:09+00:00\",\"description\":\"Camping Playa Joyel, 4 \u00e9toiles \u00e0 Noja, Cantabrie. Gagnant du Best Beach Campsite 2017, avec acc\u00e8s direct \u00e0 la plage de Ris.\",\"breadcrumb\":{\"@id\":\"https:\/\/www.playajoyel.com\/fr\/le-camping\/plage-de-joyel\/#breadcrumb\"},\"inLanguage\":\"fr-FR\",\"potentialAction\":[{\"@type\":\"ReadAction\",\"target\":[\"https:\/\/www.playajoyel.com\/fr\/le-camping\/plage-de-joyel\/\"]}]},{\"@type\":\"ImageObject\",\"inLanguage\":\"fr-FR\",\"@id\":\"https:\/\/www.playajoyel.com\/fr\/le-camping\/plage-de-joyel\/#primaryimage\",\"url\":\"https:\/\/www.playajoyel.com\/wp-content\/uploads\/2019\/11\/20190528_192624-1.jpg\",\"contentUrl\":\"https:\/\/www.playajoyel.com\/wp-content\/uploads\/2019\/11\/20190528_192624-1.jpg\",\"width\":4032,\"height\":3024},{\"@type\":\"BreadcrumbList\",\"@id\":\"https:\/\/www.playajoyel.com\/fr\/le-camping\/plage-de-joyel\/#breadcrumb\",\"itemListElement\":[{\"@type\":\"ListItem\",\"position\":1,\"name\":\"Inicio\",\"item\":\"https:\/\/www.playajoyel.com\/fr\/\"},{\"@type\":\"ListItem\",\"position\":2,\"name\":\"Le camping\",\"item\":\"https:\/\/www.playajoyel.com\/fr\/le-camping\/\"},{\"@type\":\"ListItem\",\"position\":3,\"name\":\"Plage de Joyel\"}]},{\"@type\":\"WebSite\",\"@id\":\"https:\/\/www.playajoyel.com\/#website\",\"url\":\"https:\/\/www.playajoyel.com\/\",\"name\":\"Camping Playa Joyel en Noja - Cantabria junto al mar\",\"description\":\"Camping Playa Joyel, 4 \u00e9toiles \u00e0 Noja, Cantabrie. Gagnant du meilleur camping de plage 2017, avec acc\u00e8s direct \u00e0 la plage de Ris.\",\"potentialAction\":[{\"@type\":\"SearchAction\",\"target\":{\"@type\":\"EntryPoint\",\"urlTemplate\":\"https:\/\/www.playajoyel.com\/?s={search_term_string}\"},\"query-input\":{\"@type\":\"PropertyValueSpecification\",\"valueRequired\":true,\"valueName\":\"search_term_string\"}}],\"inLanguage\":\"fr-FR\"}]}<\/script>\n<!-- \/ Yoast SEO plugin. -->","yoast_head_json":{"title":"Plage de Joyel - Camping Playa Joyel \u00e0 Noja - Cantabrie en bord de mer","description":"Camping Playa Joyel, 4 \u00e9toiles \u00e0 Noja, Cantabrie. Gagnant du Best Beach Campsite 2017, avec acc\u00e8s direct \u00e0 la plage de Ris.","robots":{"index":"index","follow":"follow","max-snippet":"max-snippet:-1","max-image-preview":"max-image-preview:large","max-video-preview":"max-video-preview:-1"},"canonical":"https:\/\/www.playajoyel.com\/fr\/le-camping\/plage-de-joyel\/","og_locale":"fr_FR","og_type":"article","og_title":"Plage de Joyel - Camping Playa Joyel \u00e0 Noja - Cantabrie en bord de mer","og_description":"Camping Playa Joyel, 4 \u00e9toiles \u00e0 Noja, Cantabrie. Gagnant du Best Beach Campsite 2017, avec acc\u00e8s direct \u00e0 la plage de Ris.","og_url":"https:\/\/www.playajoyel.com\/fr\/le-camping\/plage-de-joyel\/","og_site_name":"Camping Playa Joyel \u00e0 Noja - Cantabrie en bord de mer","article_publisher":"https:\/\/www.facebook.com\/campingplayajoyel","article_modified_time":"2021-01-28T12:09:09+00:00","og_image":[{"width":4032,"height":3024,"url":"https:\/\/www.playajoyel.com\/wp-content\/uploads\/2019\/11\/20190528_192624-1.jpg","type":"image\/jpeg"}],"twitter_card":"summary_large_image","schema":{"@context":"https:\/\/schema.org","@graph":[{"@type":"WebPage","@id":"https:\/\/www.playajoyel.com\/fr\/le-camping\/plage-de-joyel\/","url":"https:\/\/www.playajoyel.com\/fr\/le-camping\/plage-de-joyel\/","name":"Plage de Joyel - Camping Playa Joyel \u00e0 Noja - Cantabrie en bord de mer","isPartOf":{"@id":"https:\/\/www.playajoyel.com\/#website"},"primaryImageOfPage":{"@id":"https:\/\/www.playajoyel.com\/fr\/le-camping\/plage-de-joyel\/#primaryimage"},"image":{"@id":"https:\/\/www.playajoyel.com\/fr\/le-camping\/plage-de-joyel\/#primaryimage"},"thumbnailUrl":"https:\/\/www.playajoyel.com\/wp-content\/uploads\/2019\/11\/20190528_192624-1.jpg","datePublished":"2018-11-16T11:38:33+00:00","dateModified":"2021-01-28T12:09:09+00:00","description":"Camping Playa Joyel, 4 \u00e9toiles \u00e0 Noja, Cantabrie. Gagnant du Best Beach Campsite 2017, avec acc\u00e8s direct \u00e0 la plage de Ris.","breadcrumb":{"@id":"https:\/\/www.playajoyel.com\/fr\/le-camping\/plage-de-joyel\/#breadcrumb"},"inLanguage":"fr-FR","potentialAction":[{"@type":"ReadAction","target":["https:\/\/www.playajoyel.com\/fr\/le-camping\/plage-de-joyel\/"]}]},{"@type":"ImageObject","inLanguage":"fr-FR","@id":"https:\/\/www.playajoyel.com\/fr\/le-camping\/plage-de-joyel\/#primaryimage","url":"https:\/\/www.playajoyel.com\/wp-content\/uploads\/2019\/11\/20190528_192624-1.jpg","contentUrl":"https:\/\/www.playajoyel.com\/wp-content\/uploads\/2019\/11\/20190528_192624-1.jpg","width":4032,"height":3024},{"@type":"BreadcrumbList","@id":"https:\/\/www.playajoyel.com\/fr\/le-camping\/plage-de-joyel\/#breadcrumb","itemListElement":[{"@type":"ListItem","position":1,"name":"Inicio","item":"https:\/\/www.playajoyel.com\/fr\/"},{"@type":"ListItem","position":2,"name":"Le camping","item":"https:\/\/www.playajoyel.com\/fr\/le-camping\/"},{"@type":"ListItem","position":3,"name":"Plage de Joyel"}]},{"@type":"WebSite","@id":"https:\/\/www.playajoyel.com\/#website","url":"https:\/\/www.playajoyel.com\/","name":"Camping Playa Joyel en Noja - Cantabria junto al mar","description":"Camping Playa Joyel, 4 \u00e9toiles \u00e0 Noja, Cantabrie. Gagnant du meilleur camping de plage 2017, avec acc\u00e8s direct \u00e0 la plage de Ris.","potentialAction":[{"@type":"SearchAction","target":{"@type":"EntryPoint","urlTemplate":"https:\/\/www.playajoyel.com\/?s={search_term_string}"},"query-input":{"@type":"PropertyValueSpecification","valueRequired":true,"valueName":"search_term_string"}}],"inLanguage":"fr-FR"}]}},"_links":{"self":[{"href":"https:\/\/www.playajoyel.com\/fr\/wp-json\/wp\/v2\/pages\/3351","targetHints":{"allow":["GET"]}}],"collection":[{"href":"https:\/\/www.playajoyel.com\/fr\/wp-json\/wp\/v2\/pages"}],"about":[{"href":"https:\/\/www.playajoyel.com\/fr\/wp-json\/wp\/v2\/types\/page"}],"author":[{"embeddable":true,"href":"https:\/\/www.playajoyel.com\/fr\/wp-json\/wp\/v2\/users\/1"}],"replies":[{"embeddable":true,"href":"https:\/\/www.playajoyel.com\/fr\/wp-json\/wp\/v2\/comments?post=3351"}],"version-history":[{"count":2,"href":"https:\/\/www.playajoyel.com\/fr\/wp-json\/wp\/v2\/pages\/3351\/revisions"}],"predecessor-version":[{"id":5052,"href":"https:\/\/www.playajoyel.com\/fr\/wp-json\/wp\/v2\/pages\/3351\/revisions\/5052"}],"up":[{"embeddable":true,"href":"https:\/\/www.playajoyel.com\/fr\/wp-json\/wp\/v2\/pages\/3339"}],"wp:featuredmedia":[{"embeddable":true,"href":"https:\/\/www.playajoyel.com\/fr\/wp-json\/wp\/v2\/media\/4057"}],"wp:attachment":[{"href":"https:\/\/www.playajoyel.com\/fr\/wp-json\/wp\/v2\/media?parent=3351"}],"curies":[{"name":"wp","href":"https:\/\/api.w.org\/{rel}","templated":true}]}}